{"id":25,"date":"2025-10-03T14:04:39","date_gmt":"2025-10-03T14:04:39","guid":{"rendered":"https:\/\/olivia-bioche.mds-angers.yt\/?page_id=25"},"modified":"2025-10-15T14:47:44","modified_gmt":"2025-10-15T14:47:44","slug":"actualite","status":"publish","type":"page","link":"https:\/\/olivia-bioche.mds-angers.yt\/index.php\/actualite\/","title":{"rendered":"Actualit\u00e9"},"content":{"rendered":"\t\t<div data-elementor-type=\"wp-page\" data-elementor-id=\"25\" class=\"elementor elementor-25\">\n\t\t\t\t<div class=\"elementor-element elementor-element-5ef1e19 e-flex e-con-boxed e-con e-parent\" data-id=\"5ef1e19\" data-element_type=\"container\" data-settings=\"{&quot;background_background&quot;:&quot;gradient&quot;}\">\n\t\t\t\t\t<div class=\"e-con-inner\">\n\t\t\t\t<div class=\"elementor-element elementor-element-bc4f61d elementor-widget elementor-widget-heading\" data-id=\"bc4f61d\" data-element_type=\"widget\" data-widget_type=\"heading.default\">\n\t\t\t\t\t<h2 class=\"elementor-heading-title elementor-size-default\">Actualit\u00e9s<\/h2>\t\t\t\t<\/div>\n\t\t\t\t\t<\/div>\n\t\t\t\t<\/div>\n\t\t<div class=\"elementor-element elementor-element-bdd4c6e e-flex e-con-boxed e-con e-parent\" data-id=\"bdd4c6e\" data-element_type=\"container\">\n\t\t\t\t\t<div class=\"e-con-inner\">\n\t\t\t\t<div class=\"elementor-element elementor-element-fe733ce elementor-widget elementor-widget-heading\" data-id=\"fe733ce\" data-element_type=\"widget\" data-widget_type=\"heading.default\">\n\t\t\t\t\t<h2 class=\"elementor-heading-title elementor-size-default\">Nouvelle licence de sortie !<\/h2>\t\t\t\t<\/div>\n\t\t\t\t<div class=\"elementor-element elementor-element-45d4bc4 elementor-widget elementor-widget-text-editor\" data-id=\"45d4bc4\" data-element_type=\"widget\" data-widget_type=\"text-editor.default\">\n\t\t\t\t\t\t\t\t\t<h5>Blazers d\u00e9barque dans notre shop ! L\u2019\u00e9quipe est fi\u00e8re de vous annoncer le lancement de Blazers, notre toute nouvelle licence.<br>Blazers, c\u2019est un m\u00e9lange explosif entre esth\u00e9tique futuriste et gameplay tactique en \u00e9quipe. Imagin\u00e9 par notre studio en interne, ce nouveau jeu exclusif marque un tournant audacieux dans notre ligne \u00e9ditoriale, avec une ambition claire : proposer une exp\u00e9rience multijoueur unique, accessible et surtout fun.<\/h5>\t\t\t\t\t\t\t\t<\/div>\n\t\t\t\t\t<\/div>\n\t\t\t\t<\/div>\n\t\t<div class=\"elementor-element elementor-element-c2f272a e-flex e-con-boxed e-con e-parent\" data-id=\"c2f272a\" data-element_type=\"container\">\n\t\t\t\t\t<div class=\"e-con-inner\">\n\t\t\t\t<div class=\"elementor-element elementor-element-f64b875 elementor-widget elementor-widget-heading\" data-id=\"f64b875\" data-element_type=\"widget\" data-widget_type=\"heading.default\">\n\t\t\t\t\t<h2 class=\"elementor-heading-title elementor-size-default\">De quoi \u00e7a parle ?<\/h2>\t\t\t\t<\/div>\n\t\t\t\t<div class=\"elementor-element elementor-element-915fb3d elementor-widget elementor-widget-text-editor\" data-id=\"915fb3d\" data-element_type=\"widget\" data-widget_type=\"text-editor.default\">\n\t\t\t\t\t\t\t\t\t<h5>Dans un monde post-apocalyptique d\u00e9truit pour la guerre nucl\u00e9aire de 2192, les Blazers sont des combattants d\u2019\u00e9lite ma\u00eetrisant des armures ultra-technologiques. Jouez dans le mode histoire pour d\u00e9couvrir l&rsquo;histoire passionnante de l&rsquo;univers de Blazers. Ou alors dans le mode Coop, d\u00e9couvrez les tactiques et strat\u00e9gies possible pour vaincre en \u00e9quipe les \u00e9quipes adverses.<br \/>Chaque personnage jouable dispose de capacit\u00e9s uniques et peut \u00eatre customis\u00e9 selon votre fa\u00e7on de jouer.<br \/>On y retrouve des affrontements rapides, des environnements dynamiques, et un syst\u00e8me de progression pens\u00e9 pour valoriser aussi bien les d\u00e9butants que les joueurs hardcore.<\/h5>\t\t\t\t\t\t\t\t<\/div>\n\t\t\t\t\t<\/div>\n\t\t\t\t<\/div>\n\t\t<div class=\"elementor-element elementor-element-ac28920 e-flex e-con-boxed e-con e-parent\" data-id=\"ac28920\" data-element_type=\"container\">\n\t\t\t\t\t<div class=\"e-con-inner\">\n\t\t\t\t<div class=\"elementor-element elementor-element-cf86eba elementor-widget elementor-widget-heading\" data-id=\"cf86eba\" data-element_type=\"widget\" data-widget_type=\"heading.default\">\n\t\t\t\t\t<h2 class=\"elementor-heading-title elementor-size-default\">Une b\u00eata en approche !<\/h2>\t\t\t\t<\/div>\n\t\t\t\t<div class=\"elementor-element elementor-element-c18eab9 elementor-widget elementor-widget-text-editor\" data-id=\"c18eab9\" data-element_type=\"widget\" data-widget_type=\"text-editor.default\">\n\t\t\t\t\t\t\t\t\t<h5>Les premi\u00e8res phases de test arriveront prochainement et nous aurons besoin de vous. Jouez \u00e0 la version b\u00eata et donnez votre avis !<\/h5>\t\t\t\t\t\t\t\t<\/div>\n\t\t\t\t\t<\/div>\n\t\t\t\t<\/div>\n\t\t<div class=\"elementor-element elementor-element-389ac29 e-flex e-con-boxed e-con e-parent\" data-id=\"389ac29\" data-element_type=\"container\">\n\t\t\t\t\t<div class=\"e-con-inner\">\n\t\t\t\t<div class=\"elementor-element elementor-element-4fd28d4 elementor-widget elementor-widget-heading\" data-id=\"4fd28d4\" data-element_type=\"widget\" data-widget_type=\"heading.default\">\n\t\t\t\t\t<h2 class=\"elementor-heading-title elementor-size-default\">Et apr\u00e8s ?<\/h2>\t\t\t\t<\/div>\n\t\t\t\t<div class=\"elementor-element elementor-element-7b4a0dd elementor-widget elementor-widget-text-editor\" data-id=\"7b4a0dd\" data-element_type=\"widget\" data-widget_type=\"text-editor.default\">\n\t\t\t\t\t\t\t\t\t<h5>Blazers est bien plus qu\u2019un simple jeu : c\u2019est le d\u00e9but d\u2019une nouvelle \u00e8re avec tout une nouvelle gamme de jeux en production. On vous r\u00e9serve des surprises, des r\u00e9v\u00e9lations de personnages, du lore, et bien plus encore dans les mois \u00e0 venir.<\/h5>\t\t\t\t\t\t\t\t<\/div>\n\t\t\t\t\t<\/div>\n\t\t\t\t<\/div>\n\t\t<div class=\"elementor-element elementor-element-ed309c1 e-flex e-con-boxed e-con e-parent\" data-id=\"ed309c1\" data-element_type=\"container\">\n\t\t\t\t\t<div class=\"e-con-inner\">\n\t\t<div class=\"elementor-element elementor-element-5c2217c e-con-full e-flex e-con e-child\" data-id=\"5c2217c\" data-element_type=\"container\">\n\t\t\t\t<div class=\"elementor-element elementor-element-0678585 elementor-widget elementor-widget-text-editor\" data-id=\"0678585\" data-element_type=\"widget\" data-widget_type=\"text-editor.default\">\n\t\t\t\t\t\t\t\t\t<p>Pour ne rien rater suivez nous sur les r\u00e9seaux sociaux !<\/p>\t\t\t\t\t\t\t\t<\/div>\n\t\t\t\t<\/div>\n\t\t<div class=\"elementor-element elementor-element-9886a57 e-con-full e-flex e-con e-child\" data-id=\"9886a57\" data-element_type=\"container\">\n\t\t\t\t<div class=\"elementor-element elementor-element-1678784 e-grid-align-left elementor-shape-rounded elementor-grid-0 elementor-widget elementor-widget-social-icons\" data-id=\"1678784\" data-element_type=\"widget\" data-widget_type=\"social-icons.default\">\n\t\t\t\t\t\t\t<div class=\"elementor-social-icons-wrapper elementor-grid\" role=\"list\">\n\t\t\t\t\t\t\t<span class=\"elementor-grid-item\" role=\"listitem\">\n\t\t\t\t\t<a class=\"elementor-icon elementor-social-icon elementor-social-icon-x-twitter elementor-repeater-item-0ac1f0b\" target=\"_blank\">\n\t\t\t\t\t\t<span class=\"elementor-screen-only\">X-twitter<\/span>\n\t\t\t\t\t\t<svg aria-hidden=\"true\" class=\"e-font-icon-svg e-fab-x-twitter\" viewBox=\"0 0 512 512\" xmlns=\"http:\/\/www.w3.org\/2000\/svg\"><path d=\"M389.2 48h70.6L305.6 224.2 487 464H345L233.7 318.6 106.5 464H35.8L200.7 275.5 26.8 48H172.4L272.9 180.9 389.2 48zM364.4 421.8h39.1L151.1 88h-42L364.4 421.8z\"><\/path><\/svg>\t\t\t\t\t<\/a>\n\t\t\t\t<\/span>\n\t\t\t\t\t\t\t<span class=\"elementor-grid-item\" role=\"listitem\">\n\t\t\t\t\t<a class=\"elementor-icon elementor-social-icon elementor-social-icon-instagram elementor-repeater-item-9e616d6\" target=\"_blank\">\n\t\t\t\t\t\t<span class=\"elementor-screen-only\">Instagram<\/span>\n\t\t\t\t\t\t<svg aria-hidden=\"true\" class=\"e-font-icon-svg e-fab-instagram\" viewBox=\"0 0 448 512\" xmlns=\"http:\/\/www.w3.org\/2000\/svg\"><path d=\"M224.1 141c-63.6 0-114.9 51.3-114.9 114.9s51.3 114.9 114.9 114.9S339 319.5 339 255.9 287.7 141 224.1 141zm0 189.6c-41.1 0-74.7-33.5-74.7-74.7s33.5-74.7 74.7-74.7 74.7 33.5 74.7 74.7-33.6 74.7-74.7 74.7zm146.4-194.3c0 14.9-12 26.8-26.8 26.8-14.9 0-26.8-12-26.8-26.8s12-26.8 26.8-26.8 26.8 12 26.8 26.8zm76.1 27.2c-1.7-35.9-9.9-67.7-36.2-93.9-26.2-26.2-58-34.4-93.9-36.2-37-2.1-147.9-2.1-184.9 0-35.8 1.7-67.6 9.9-93.9 36.1s-34.4 58-36.2 93.9c-2.1 37-2.1 147.9 0 184.9 1.7 35.9 9.9 67.7 36.2 93.9s58 34.4 93.9 36.2c37 2.1 147.9 2.1 184.9 0 35.9-1.7 67.7-9.9 93.9-36.2 26.2-26.2 34.4-58 36.2-93.9 2.1-37 2.1-147.8 0-184.8zM398.8 388c-7.8 19.6-22.9 34.7-42.6 42.6-29.5 11.7-99.5 9-132.1 9s-102.7 2.6-132.1-9c-19.6-7.8-34.7-22.9-42.6-42.6-11.7-29.5-9-99.5-9-132.1s-2.6-102.7 9-132.1c7.8-19.6 22.9-34.7 42.6-42.6 29.5-11.7 99.5-9 132.1-9s102.7-2.6 132.1 9c19.6 7.8 34.7 22.9 42.6 42.6 11.7 29.5 9 99.5 9 132.1s2.7 102.7-9 132.1z\"><\/path><\/svg>\t\t\t\t\t<\/a>\n\t\t\t\t<\/span>\n\t\t\t\t\t\t\t<span class=\"elementor-grid-item\" role=\"listitem\">\n\t\t\t\t\t<a class=\"elementor-icon elementor-social-icon elementor-social-icon-steam elementor-repeater-item-40526fd\" target=\"_blank\">\n\t\t\t\t\t\t<span class=\"elementor-screen-only\">Steam<\/span>\n\t\t\t\t\t\t<svg aria-hidden=\"true\" class=\"e-font-icon-svg e-fab-steam\" viewBox=\"0 0 496 512\" xmlns=\"http:\/\/www.w3.org\/2000\/svg\"><path d=\"M496 256c0 137-111.2 248-248.4 248-113.8 0-209.6-76.3-239-180.4l95.2 39.3c6.4 32.1 34.9 56.4 68.9 56.4 39.2 0 71.9-32.4 70.2-73.5l84.5-60.2c52.1 1.3 95.8-40.9 95.8-93.5 0-51.6-42-93.5-93.7-93.5s-93.7 42-93.7 93.5v1.2L176.6 279c-15.5-.9-30.7 3.4-43.5 12.1L0 236.1C10.2 108.4 117.1 8 247.6 8 384.8 8 496 119 496 256zM155.7 384.3l-30.5-12.6a52.79 52.79 0 0 0 27.2 25.8c26.9 11.2 57.8-1.6 69-28.4 5.4-13 5.5-27.3.1-40.3-5.4-13-15.5-23.2-28.5-28.6-12.9-5.4-26.7-5.2-38.9-.6l31.5 13c19.8 8.2 29.2 30.9 20.9 50.7-8.3 19.9-31 29.2-50.8 21zm173.8-129.9c-34.4 0-62.4-28-62.4-62.3s28-62.3 62.4-62.3 62.4 28 62.4 62.3-27.9 62.3-62.4 62.3zm.1-15.6c25.9 0 46.9-21 46.9-46.8 0-25.9-21-46.8-46.9-46.8s-46.9 21-46.9 46.8c.1 25.8 21.1 46.8 46.9 46.8z\"><\/path><\/svg>\t\t\t\t\t<\/a>\n\t\t\t\t<\/span>\n\t\t\t\t\t<\/div>\n\t\t\t\t\t\t<\/div>\n\t\t\t\t<\/div>\n\t\t\t\t\t<\/div>\n\t\t\t\t<\/div>\n\t\t\t\t<\/div>\n\t\t","protected":false},"excerpt":{"rendered":"<p>Actualit\u00e9s Nouvelle licence de sortie ! Blazers d\u00e9barque dans notre shop ! L\u2019\u00e9quipe est fi\u00e8re de vous annoncer le lancement de Blazers, notre toute nouvelle licence.Blazers, c\u2019est un m\u00e9lange explosif entre esth\u00e9tique futuriste et gameplay tactique en \u00e9quipe. Imagin\u00e9 par notre studio en interne, ce nouveau jeu exclusif marque un tournant audacieux dans notre ligne [&hellip;]<\/p>\n","protected":false},"author":1,"featured_media":0,"parent":0,"menu_order":0,"comment_status":"closed","ping_status":"closed","template":"elementor_canvas","meta":{"_seopress_robots_primary_cat":"","_seopress_titles_title":"Actualit\u00e9s Nebulix %%sep%% %%currentyear%% %%sitetitle%%","_seopress_titles_desc":"%%post_title%% la plus attendue chez Nebulix c'est l'arriv\u00e9e de notre nouveau jeu sur la plateforme de vente actuelle.","_seopress_robots_index":"","_eb_attr":"","footnotes":""},"class_list":["post-25","page","type-page","status-publish","hentry"],"_links":{"self":[{"href":"https:\/\/olivia-bioche.mds-angers.yt\/index.php\/wp-json\/wp\/v2\/pages\/25","targetHints":{"allow":["GET"]}}],"collection":[{"href":"https:\/\/olivia-bioche.mds-angers.yt\/index.php\/wp-json\/wp\/v2\/pages"}],"about":[{"href":"https:\/\/olivia-bioche.mds-angers.yt\/index.php\/wp-json\/wp\/v2\/types\/page"}],"author":[{"embeddable":true,"href":"https:\/\/olivia-bioche.mds-angers.yt\/index.php\/wp-json\/wp\/v2\/users\/1"}],"replies":[{"embeddable":true,"href":"https:\/\/olivia-bioche.mds-angers.yt\/index.php\/wp-json\/wp\/v2\/comments?post=25"}],"version-history":[{"count":44,"href":"https:\/\/olivia-bioche.mds-angers.yt\/index.php\/wp-json\/wp\/v2\/pages\/25\/revisions"}],"predecessor-version":[{"id":591,"href":"https:\/\/olivia-bioche.mds-angers.yt\/index.php\/wp-json\/wp\/v2\/pages\/25\/revisions\/591"}],"wp:attachment":[{"href":"https:\/\/olivia-bioche.mds-angers.yt\/index.php\/wp-json\/wp\/v2\/media?parent=25"}],"curies":[{"name":"wp","href":"https:\/\/api.w.org\/{rel}","templated":true}]}}