{"id":28,"date":"2025-10-03T14:05:59","date_gmt":"2025-10-03T14:05:59","guid":{"rendered":"https:\/\/olivia-bioche.mds-angers.yt\/?page_id=28"},"modified":"2025-10-30T20:44:59","modified_gmt":"2025-10-30T20:44:59","slug":"aide","status":"publish","type":"page","link":"https:\/\/olivia-bioche.mds-angers.yt\/index.php\/aide\/","title":{"rendered":"Aide"},"content":{"rendered":"\t\t<div data-elementor-type=\"wp-page\" data-elementor-id=\"28\" class=\"elementor elementor-28\">\n\t\t\t\t<div class=\"elementor-element elementor-element-34807ba e-flex e-con-boxed e-con e-parent\" data-id=\"34807ba\" data-element_type=\"container\" data-settings=\"{&quot;background_background&quot;:&quot;gradient&quot;}\">\n\t\t\t\t\t<div class=\"e-con-inner\">\n\t\t\t\t<div class=\"elementor-element elementor-element-c7f51f7 elementor-widget elementor-widget-heading\" data-id=\"c7f51f7\" data-element_type=\"widget\" data-widget_type=\"heading.default\">\n\t\t\t\t\t<h2 class=\"elementor-heading-title elementor-size-default\">Nebulix<\/h2>\t\t\t\t<\/div>\n\t\t\t\t<div class=\"elementor-element elementor-element-fb33984 elementor-widget elementor-widget-heading\" data-id=\"fb33984\" data-element_type=\"widget\" data-widget_type=\"heading.default\">\n\t\t\t\t\t<h2 class=\"elementor-heading-title elementor-size-default\">Trouver de l'aide en ligne<\/h2>\t\t\t\t<\/div>\n\t\t\t\t\t<\/div>\n\t\t\t\t<\/div>\n\t\t<div class=\"elementor-element elementor-element-340af23 e-con-full e-flex e-con e-parent\" data-id=\"340af23\" data-element_type=\"container\" data-settings=\"{&quot;background_background&quot;:&quot;gradient&quot;}\">\n\t\t\t\t<div class=\"elementor-element elementor-element-ee945cd elementor-widget elementor-widget-n-accordion\" data-id=\"ee945cd\" data-element_type=\"widget\" data-settings=\"{&quot;default_state&quot;:&quot;expanded&quot;,&quot;max_items_expended&quot;:&quot;one&quot;,&quot;n_accordion_animation_duration&quot;:{&quot;unit&quot;:&quot;ms&quot;,&quot;size&quot;:400,&quot;sizes&quot;:[]}}\" data-widget_type=\"nested-accordion.default\">\n\t\t\t\t\t\t\t<div class=\"e-n-accordion\" aria-label=\"Accordion. Open links with Enter or Space, close with Escape, and navigate with Arrow Keys\">\n\t\t\t\t\t\t<details id=\"e-n-accordion-item-2500\" class=\"e-n-accordion-item\" open>\n\t\t\t\t<summary class=\"e-n-accordion-item-title\" data-accordion-index=\"1\" tabindex=\"0\" aria-expanded=\"true\" aria-controls=\"e-n-accordion-item-2500\" >\n\t\t\t\t\t<span class='e-n-accordion-item-title-header'><div class=\"e-n-accordion-item-title-text\"> Centre d'aide <\/div><\/span>\n\t\t\t\t\t\t\t<span class='e-n-accordion-item-title-icon'>\n\t\t\t<span class='e-opened' ><svg aria-hidden=\"true\" class=\"e-font-icon-svg e-fas-minus\" viewBox=\"0 0 448 512\" xmlns=\"http:\/\/www.w3.org\/2000\/svg\"><path d=\"M416 208H32c-17.67 0-32 14.33-32 32v32c0 17.67 14.33 32 32 32h384c17.67 0 32-14.33 32-32v-32c0-17.67-14.33-32-32-32z\"><\/path><\/svg><\/span>\n\t\t\t<span class='e-closed'><svg aria-hidden=\"true\" class=\"e-font-icon-svg e-fas-plus\" viewBox=\"0 0 448 512\" xmlns=\"http:\/\/www.w3.org\/2000\/svg\"><path d=\"M416 208H272V64c0-17.67-14.33-32-32-32h-32c-17.67 0-32 14.33-32 32v144H32c-17.67 0-32 14.33-32 32v32c0 17.67 14.33 32 32 32h144v144c0 17.67 14.33 32 32 32h32c17.67 0 32-14.33 32-32V304h144c17.67 0 32-14.33 32-32v-32c0-17.67-14.33-32-32-32z\"><\/path><\/svg><\/span>\n\t\t<\/span>\n\n\t\t\t\t\t\t<\/summary>\n\t\t\t\t<div role=\"region\" aria-labelledby=\"e-n-accordion-item-2500\" class=\"elementor-element elementor-element-1229f31 e-con-full e-flex e-con e-child\" data-id=\"1229f31\" data-element_type=\"container\">\n\t\t<div role=\"region\" aria-labelledby=\"e-n-accordion-item-2500\" class=\"elementor-element elementor-element-cb94462 e-flex e-con-boxed e-con e-child\" data-id=\"cb94462\" data-element_type=\"container\">\n\t\t\t\t\t<div class=\"e-con-inner\">\n\t\t\t\t<div class=\"elementor-element elementor-element-dfb4209 elementor-widget elementor-widget-heading\" data-id=\"dfb4209\" data-element_type=\"widget\" data-widget_type=\"heading.default\">\n\t\t\t\t\t<h2 class=\"elementor-heading-title elementor-size-default\">Centre d'aide<\/h2>\t\t\t\t<\/div>\n\t\t\t\t<div class=\"elementor-element elementor-element-a8f7b75 elementor-widget elementor-widget-text-editor\" data-id=\"a8f7b75\" data-element_type=\"widget\" data-widget_type=\"text-editor.default\">\n\t\t\t\t\t\t\t\t\t<p class=\"p1\">Besoin d\u2019aide ? Voici comment nous contacter \ud83d\udc47<\/p><ul><li><p class=\"p1\">\ud83d\udcac <span class=\"s1\"><b>Probl\u00e8me technique<\/b><\/span> : envoie une capture d\u2019\u00e9cran et une courte description du bug via la page <span class=\"s1\"><b>Support<\/b><\/span>.<\/p><\/li><li><p class=\"p1\"><span class=\"s1\">\ud83d\udcb3 <\/span><b>Probl\u00e8me de paiement ou d\u2019installation<\/b><span class=\"s1\"> : \u00e9cris-nous \u00e0 <\/span><b>[ton email de support]<\/b><span class=\"s1\"> avec ta preuve d\u2019achat.<\/span><\/p><\/li><li><p class=\"p1\">\ud83d\udd11 <span class=\"s1\"><b>Compte ou progression perdue<\/b><\/span> : indique ton nom de joueur et la plateforme utilis\u00e9e.<\/p><\/li><li><p class=\"p1\">\ud83d\udca1 <span class=\"s1\"><b>Suggestions ou retour<\/b><\/span> : on adore vos id\u00e9es ! Partage-les depuis la section <span class=\"s1\"><b>Contact<\/b><\/span>.<\/p><\/li><\/ul>\t\t\t\t\t\t\t\t<\/div>\n\t\t\t\t\t<\/div>\n\t\t\t\t<\/div>\n\t\t\t\t<\/div>\n\t\t\t\t\t<\/details>\n\t\t\t\t\t\t<details id=\"e-n-accordion-item-2501\" class=\"e-n-accordion-item\" >\n\t\t\t\t<summary class=\"e-n-accordion-item-title\" data-accordion-index=\"2\" tabindex=\"-1\" aria-expanded=\"false\" aria-controls=\"e-n-accordion-item-2501\" >\n\t\t\t\t\t<span class='e-n-accordion-item-title-header'><div class=\"e-n-accordion-item-title-text\"> D\u00e9claration et confidentionalt\u00e9 <\/div><\/span>\n\t\t\t\t\t\t\t<span class='e-n-accordion-item-title-icon'>\n\t\t\t<span class='e-opened' ><svg aria-hidden=\"true\" class=\"e-font-icon-svg e-fas-minus\" viewBox=\"0 0 448 512\" xmlns=\"http:\/\/www.w3.org\/2000\/svg\"><path d=\"M416 208H32c-17.67 0-32 14.33-32 32v32c0 17.67 14.33 32 32 32h384c17.67 0 32-14.33 32-32v-32c0-17.67-14.33-32-32-32z\"><\/path><\/svg><\/span>\n\t\t\t<span class='e-closed'><svg aria-hidden=\"true\" class=\"e-font-icon-svg e-fas-plus\" viewBox=\"0 0 448 512\" xmlns=\"http:\/\/www.w3.org\/2000\/svg\"><path d=\"M416 208H272V64c0-17.67-14.33-32-32-32h-32c-17.67 0-32 14.33-32 32v144H32c-17.67 0-32 14.33-32 32v32c0 17.67 14.33 32 32 32h144v144c0 17.67 14.33 32 32 32h32c17.67 0 32-14.33 32-32V304h144c17.67 0 32-14.33 32-32v-32c0-17.67-14.33-32-32-32z\"><\/path><\/svg><\/span>\n\t\t<\/span>\n\n\t\t\t\t\t\t<\/summary>\n\t\t\t\t<div role=\"region\" aria-labelledby=\"e-n-accordion-item-2501\" class=\"elementor-element elementor-element-969526d e-con-full e-flex e-con e-child\" data-id=\"969526d\" data-element_type=\"container\">\n\t\t\t\t<div class=\"elementor-element elementor-element-da2a3c4 elementor-widget elementor-widget-heading\" data-id=\"da2a3c4\" data-element_type=\"widget\" data-widget_type=\"heading.default\">\n\t\t\t\t\t<h2 class=\"elementor-heading-title elementor-size-default\">D\u00e9claration de confidentialit\u00e9<\/h2>\t\t\t\t<\/div>\n\t\t\t\t<div class=\"elementor-element elementor-element-b144414 elementor-widget elementor-widget-text-editor\" data-id=\"b144414\" data-element_type=\"widget\" data-widget_type=\"text-editor.default\">\n\t\t\t\t\t\t\t\t\t<p class=\"p1\">1. Collecte des donn\u00e9es<\/p><p class=\"p1\">Nous collectons uniquement les informations n\u00e9cessaires pour le bon fonctionnement du jeu et du site (par exemple : adresse e-mail pour le support, identifiant de joueur, ou donn\u00e9es de paiement s\u00e9curis\u00e9es via nos partenaires).<\/p><p class=\"p1\">2. Utilisation des donn\u00e9es<\/p><p class=\"p1\">Vos donn\u00e9es servent uniquement \u00e0 :<\/p><p class=\"p1\">G\u00e9rer votre compte ou votre achat ;<\/p><p class=\"p1\">Am\u00e9liorer le jeu et corriger les bugs ;<\/p><p class=\"p1\">Vous contacter en cas de probl\u00e8me technique.<\/p><p class=\"p1\">3. Partage des donn\u00e9es<\/p><p class=\"p1\">Nous ne vendons ni ne partageons vos donn\u00e9es personnelles avec des tiers, sauf si la loi l\u2019exige ou pour les paiements s\u00e9curis\u00e9s (ex. Steam, PayPal, Stripe).<\/p><p class=\"p1\">4. S\u00e9curit\u00e9<\/p><p class=\"p1\">Vos informations sont prot\u00e9g\u00e9es par des mesures de s\u00e9curit\u00e9 conformes aux normes en vigueur.<\/p><p class=\"p1\">5. Vos droits<\/p><p class=\"p1\">Vous pouvez demander \u00e0 consulter, modifier ou supprimer vos donn\u00e9es \u00e0 tout moment en nous contactant via la page Support.<\/p>\t\t\t\t\t\t\t\t<\/div>\n\t\t\t\t<\/div>\n\t\t\t\t\t<\/details>\n\t\t\t\t\t\t<details id=\"e-n-accordion-item-2502\" class=\"e-n-accordion-item\" >\n\t\t\t\t<summary class=\"e-n-accordion-item-title\" data-accordion-index=\"3\" tabindex=\"-1\" aria-expanded=\"false\" aria-controls=\"e-n-accordion-item-2502\" >\n\t\t\t\t\t<span class='e-n-accordion-item-title-header'><div class=\"e-n-accordion-item-title-text\"> Conditions d'utilisation <\/div><\/span>\n\t\t\t\t\t\t\t<span class='e-n-accordion-item-title-icon'>\n\t\t\t<span class='e-opened' ><svg aria-hidden=\"true\" class=\"e-font-icon-svg e-fas-minus\" viewBox=\"0 0 448 512\" xmlns=\"http:\/\/www.w3.org\/2000\/svg\"><path d=\"M416 208H32c-17.67 0-32 14.33-32 32v32c0 17.67 14.33 32 32 32h384c17.67 0 32-14.33 32-32v-32c0-17.67-14.33-32-32-32z\"><\/path><\/svg><\/span>\n\t\t\t<span class='e-closed'><svg aria-hidden=\"true\" class=\"e-font-icon-svg e-fas-plus\" viewBox=\"0 0 448 512\" xmlns=\"http:\/\/www.w3.org\/2000\/svg\"><path d=\"M416 208H272V64c0-17.67-14.33-32-32-32h-32c-17.67 0-32 14.33-32 32v144H32c-17.67 0-32 14.33-32 32v32c0 17.67 14.33 32 32 32h144v144c0 17.67 14.33 32 32 32h32c17.67 0 32-14.33 32-32V304h144c17.67 0 32-14.33 32-32v-32c0-17.67-14.33-32-32-32z\"><\/path><\/svg><\/span>\n\t\t<\/span>\n\n\t\t\t\t\t\t<\/summary>\n\t\t\t\t<div role=\"region\" aria-labelledby=\"e-n-accordion-item-2502\" class=\"elementor-element elementor-element-f8654cf e-con-full e-flex e-con e-child\" data-id=\"f8654cf\" data-element_type=\"container\">\n\t\t\t\t<div class=\"elementor-element elementor-element-4c8b9d0 elementor-widget elementor-widget-heading\" data-id=\"4c8b9d0\" data-element_type=\"widget\" data-widget_type=\"heading.default\">\n\t\t\t\t\t<h2 class=\"elementor-heading-title elementor-size-default\">Conditions d'utilisation<\/h2>\t\t\t\t<\/div>\n\t\t\t\t<div class=\"elementor-element elementor-element-c90db75 elementor-widget elementor-widget-text-editor\" data-id=\"c90db75\" data-element_type=\"widget\" data-widget_type=\"text-editor.default\">\n\t\t\t\t\t\t\t\t\t<p class=\"p1\">1. Achat et acc\u00e8s \u2013 Le jeu doit \u00eatre achet\u00e9 avant installation. Une fois pay\u00e9, vous obtenez un lien de t\u00e9l\u00e9chargement.<\/p><p class=\"p1\">2. Utilisation \u2013 Le jeu est r\u00e9serv\u00e9 \u00e0 un usage personnel. Il est interdit de le copier, modifier ou revendre.<\/p><p class=\"p1\">3. Mises \u00e0 jour \u2013 Le contenu peut \u00eatre modifi\u00e9 ou mis \u00e0 jour \u00e0 tout moment sans pr\u00e9avis.<\/p><p class=\"p1\">4. Responsabilit\u00e9 \u2013 Nous ne sommes pas responsables des pertes de donn\u00e9es, bugs ou probl\u00e8mes techniques.<\/p><p class=\"p1\">5. Support \u2013 Pour toute question ou probl\u00e8me, contactez-nous via la page Support du site.<\/p>\t\t\t\t\t\t\t\t<\/div>\n\t\t\t\t<\/div>\n\t\t\t\t\t<\/details>\n\t\t\t\t\t<\/div>\n\t\t\t\t\t\t<\/div>\n\t\t<div class=\"elementor-element elementor-element-307f74b e-con-full e-flex e-con e-child\" data-id=\"307f74b\" data-element_type=\"container\">\n\t\t\t\t<div class=\"elementor-element elementor-element-060fc87 elementor-widget elementor-widget-heading\" data-id=\"060fc87\" data-element_type=\"widget\" data-widget_type=\"heading.default\">\n\t\t\t\t\t<h2 class=\"elementor-heading-title elementor-size-default\">L'\u00e9quipe Nebulix a votre service !<\/h2>\t\t\t\t<\/div>\n\t\t\t\t<div class=\"elementor-element elementor-element-d3ab893 elementor-widget elementor-widget-text-editor\" data-id=\"d3ab893\" data-element_type=\"widget\" data-widget_type=\"text-editor.default\">\n\t\t\t\t\t\t\t\t\t<p>Notre mission : vous accompagner a chaque etape de votre experience.<\/p><p>Une question, un soucis technique, ou un besoin d&rsquo;assistance ? nous somme la pour vous aider.<\/p><p><strong>Vous avez deja un compte ?\u00a0<\/strong><\/p><p>Accedez \u00e0 votre espace Nebulix<\/p><p>recuperez votre mot de passe ou reconnectez-vous pour poursuivre votre aventure dans notre univers<\/p>\t\t\t\t\t\t\t\t<\/div>\n\t\t<div class=\"elementor-element elementor-element-0525060 e-con-full e-flex e-con e-child\" data-id=\"0525060\" data-element_type=\"container\">\n\t\t\t\t<div class=\"elementor-element elementor-element-2847ab3 elementor-widget elementor-widget-heading\" data-id=\"2847ab3\" data-element_type=\"widget\" data-widget_type=\"heading.default\">\n\t\t\t\t\t<h2 class=\"elementor-heading-title elementor-size-default\">Contacter le support Nebulix<\/h2>\t\t\t\t<\/div>\n\t\t\t\t<div class=\"elementor-element elementor-element-0ef8310 elementor-widget elementor-widget-text-editor\" data-id=\"0ef8310\" data-element_type=\"widget\" data-widget_type=\"text-editor.default\">\n\t\t\t\t\t\t\t\t\t<p>Nos conseillers sont disponible pour vous aider via chat ou appel en ligne. nous nous assurons un suivi rapide et personnalis\u00e9, ou que vous soyez dans la galaxie Nebulix.\u00a0<\/p><p>Nous vous mettrons en relation gratuitement, via votre connexion internet.\u00a0<\/p>\t\t\t\t\t\t\t\t<\/div>\n\t\t\t\t<\/div>\n\t\t\t\t<\/div>\n\t\t\t\t<\/div>\n\t\t<div class=\"elementor-element elementor-element-c09cf7e e-flex e-con-boxed e-con e-parent\" data-id=\"c09cf7e\" data-element_type=\"container\">\n\t\t\t\t\t<div class=\"e-con-inner\">\n\t\t\t\t<div class=\"elementor-element elementor-element-b072d33 elementor-widget elementor-widget-eael-creative-button\" data-id=\"b072d33\" data-element_type=\"widget\" data-widget_type=\"eael-creative-button.default\">\n\t\t\t\t\t        <div class=\"eael-creative-button-wrapper\">\n\n            <a class=\"eael-creative-button eael-creative-button--default\" href=\"#\" data-text=\"\">\n            \t    \n                <div class=\"creative-button-inner\">\n\n                    \n                    <span class=\"cretive-button-text\">Appellez nous<\/span>\n\n                                    <\/div>\n\t                        <\/a>\n        <\/div>\n        \t\t\t\t<\/div>\n\t\t\t\t<div class=\"elementor-element elementor-element-e9a8179 elementor-widget elementor-widget-eael-creative-button\" data-id=\"e9a8179\" data-element_type=\"widget\" data-widget_type=\"eael-creative-button.default\">\n\t\t\t\t\t        <div class=\"eael-creative-button-wrapper\">\n\n            <a class=\"eael-creative-button eael-creative-button--default\" href=\"#\" data-text=\"\">\n            \t    \n                <div class=\"creative-button-inner\">\n\n                    \n                    <span class=\"cretive-button-text\">Chat <\/span>\n\n                                    <\/div>\n\t                        <\/a>\n        <\/div>\n        \t\t\t\t<\/div>\n\t\t\t\t\t<\/div>\n\t\t\t\t<\/div>\n\t\t\t\t<\/div>\n\t\t","protected":false},"excerpt":{"rendered":"<p>Nebulix Trouver de l&rsquo;aide en ligne Centre d&rsquo;aide Centre d&rsquo;aide Besoin d\u2019aide ? Voici comment nous contacter \ud83d\udc47 \ud83d\udcac Probl\u00e8me technique : envoie une capture d\u2019\u00e9cran et une courte description du bug via la page Support. \ud83d\udcb3 Probl\u00e8me de paiement ou d\u2019installation : \u00e9cris-nous \u00e0 [ton email de support] avec ta preuve d\u2019achat. \ud83d\udd11 Compte [&hellip;]<\/p>\n","protected":false},"author":1,"featured_media":0,"parent":0,"menu_order":0,"comment_status":"closed","ping_status":"closed","template":"elementor_canvas","meta":{"_seopress_robots_primary_cat":"","_seopress_titles_title":"Centre d'aide Nebulix 2025 %%post_title%%%%sep%%FAQ %%sep%%Support %%sep%%NEBULIX","_seopress_titles_desc":"","_seopress_robots_index":"","_eb_attr":"","footnotes":""},"class_list":["post-28","page","type-page","status-publish","hentry"],"_links":{"self":[{"href":"https:\/\/olivia-bioche.mds-angers.yt\/index.php\/wp-json\/wp\/v2\/pages\/28","targetHints":{"allow":["GET"]}}],"collection":[{"href":"https:\/\/olivia-bioche.mds-angers.yt\/index.php\/wp-json\/wp\/v2\/pages"}],"about":[{"href":"https:\/\/olivia-bioche.mds-angers.yt\/index.php\/wp-json\/wp\/v2\/types\/page"}],"author":[{"embeddable":true,"href":"https:\/\/olivia-bioche.mds-angers.yt\/index.php\/wp-json\/wp\/v2\/users\/1"}],"replies":[{"embeddable":true,"href":"https:\/\/olivia-bioche.mds-angers.yt\/index.php\/wp-json\/wp\/v2\/comments?post=28"}],"version-history":[{"count":46,"href":"https:\/\/olivia-bioche.mds-angers.yt\/index.php\/wp-json\/wp\/v2\/pages\/28\/revisions"}],"predecessor-version":[{"id":653,"href":"https:\/\/olivia-bioche.mds-angers.yt\/index.php\/wp-json\/wp\/v2\/pages\/28\/revisions\/653"}],"wp:attachment":[{"href":"https:\/\/olivia-bioche.mds-angers.yt\/index.php\/wp-json\/wp\/v2\/media?parent=28"}],"curies":[{"name":"wp","href":"https:\/\/api.w.org\/{rel}","templated":true}]}}